{"id":137,"date":"2025-06-23T06:17:34","date_gmt":"2025-06-23T06:17:34","guid":{"rendered":"https:\/\/www.testevita.com\/pvi\/?page_id=137"},"modified":"2026-02-24T13:17:09","modified_gmt":"2026-02-24T13:17:09","slug":"leistungen","status":"publish","type":"page","link":"https:\/\/pvi.co.at\/index.php\/leistungen\/","title":{"rendered":"LEISTUNGEN"},"content":{"rendered":"\t\t<div data-elementor-type=\"wp-page\" data-elementor-id=\"137\" class=\"elementor elementor-137\" data-elementor-post-type=\"page\">\n\t\t\t\t<div class=\"elementor-element elementor-element-3448af95 e-flex e-con-boxed e-con e-parent\" data-id=\"3448af95\" data-element_type=\"container\" data-settings=\"{&quot;background_background&quot;:&quot;video&quot;,&quot;background_video_link&quot;:&quot;https:\\\/\\\/pvi.co.at\\\/wp-content\\\/uploads\\\/2025\\\/09\\\/156444-812591952_small.mp4&quot;,&quot;background_play_on_mobile&quot;:&quot;yes&quot;}\">\n\t\t\t\t\t<div class=\"e-con-inner\">\n\t\t<div class=\"elementor-background-video-container\" aria-hidden=\"true\">\n\t\t\t\t\t\t\t<video class=\"elementor-background-video-hosted\" autoplay muted playsinline loop><\/video>\n\t\t\t\t\t<\/div><div class=\"elementor-element elementor-element-6c294f50 e-con-full e-flex e-con e-child\" data-id=\"6c294f50\" data-element_type=\"container\">\n\t\t\t\t<div class=\"elementor-element elementor-element-2d79eeec elementor-widget elementor-widget-heading\" data-id=\"2d79eeec\" data-element_type=\"widget\" data-widget_type=\"heading.default\">\n\t\t\t\t<div class=\"elementor-widget-container\">\n\t\t\t\t\t<h1 class=\"elementor-heading-title elementor-size-default\">LEISTUNGEN<\/h1>\t\t\t\t<\/div>\n\t\t\t\t<\/div>\n\t\t\t\t<\/div>\n\t\t\t\t\t<\/div>\n\t\t\t\t<\/div>\n\t\t<div class=\"elementor-element elementor-element-67413f3 e-flex e-con-boxed e-con e-parent\" data-id=\"67413f3\" data-element_type=\"container\" data-settings=\"{&quot;background_background&quot;:&quot;classic&quot;}\">\n\t\t\t\t\t<div class=\"e-con-inner\">\n\t\t<div class=\"elementor-element elementor-element-5bd66e9c e-con-full elementor-hidden-mobile e-flex e-con e-child\" data-id=\"5bd66e9c\" data-element_type=\"container\">\n\t\t\t\t<div class=\"elementor-element elementor-element-79c55cb6 elementor-invisible elementor-widget elementor-widget-image\" data-id=\"79c55cb6\" data-element_type=\"widget\" data-settings=\"{&quot;motion_fx_motion_fx_scrolling&quot;:&quot;yes&quot;,&quot;motion_fx_translateY_effect&quot;:&quot;yes&quot;,&quot;motion_fx_translateY_direction&quot;:&quot;negative&quot;,&quot;motion_fx_translateY_speed&quot;:{&quot;unit&quot;:&quot;px&quot;,&quot;size&quot;:&quot;2&quot;,&quot;sizes&quot;:[]},&quot;motion_fx_devices&quot;:[&quot;desktop&quot;],&quot;_animation&quot;:&quot;fadeIn&quot;,&quot;motion_fx_translateY_affectedRange&quot;:{&quot;unit&quot;:&quot;%&quot;,&quot;size&quot;:&quot;&quot;,&quot;sizes&quot;:{&quot;start&quot;:0,&quot;end&quot;:100}}}\" data-widget_type=\"image.default\">\n\t\t\t\t<div class=\"elementor-widget-container\">\n\t\t\t\t\t\t\t\t\t\t\t\t\t\t\t<img fetchpriority=\"high\" decoding=\"async\" width=\"800\" height=\"534\" src=\"https:\/\/pvi.co.at\/wp-content\/uploads\/2025\/06\/4B9A0406-1024x683.jpg\" class=\"attachment-large size-large wp-image-143\" alt=\"\" srcset=\"https:\/\/pvi.co.at\/wp-content\/uploads\/2025\/06\/4B9A0406-1024x683.jpg 1024w, https:\/\/pvi.co.at\/wp-content\/uploads\/2025\/06\/4B9A0406-300x200.jpg 300w, https:\/\/pvi.co.at\/wp-content\/uploads\/2025\/06\/4B9A0406-768x512.jpg 768w, https:\/\/pvi.co.at\/wp-content\/uploads\/2025\/06\/4B9A0406-1536x1024.jpg 1536w, https:\/\/pvi.co.at\/wp-content\/uploads\/2025\/06\/4B9A0406-2048x1365.jpg 2048w\" sizes=\"(max-width: 800px) 100vw, 800px\" \/>\t\t\t\t\t\t\t\t\t\t\t\t\t\t\t<\/div>\n\t\t\t\t<\/div>\n\t\t\t\t<div class=\"elementor-element elementor-element-44ad4ef5 elementor-invisible elementor-widget elementor-widget-image\" data-id=\"44ad4ef5\" data-element_type=\"widget\" data-settings=\"{&quot;motion_fx_motion_fx_scrolling&quot;:&quot;yes&quot;,&quot;motion_fx_translateY_effect&quot;:&quot;yes&quot;,&quot;motion_fx_translateY_speed&quot;:{&quot;unit&quot;:&quot;px&quot;,&quot;size&quot;:&quot;2&quot;,&quot;sizes&quot;:[]},&quot;motion_fx_devices&quot;:[&quot;desktop&quot;],&quot;_animation&quot;:&quot;fadeIn&quot;,&quot;motion_fx_translateY_affectedRange&quot;:{&quot;unit&quot;:&quot;%&quot;,&quot;size&quot;:&quot;&quot;,&quot;sizes&quot;:{&quot;start&quot;:0,&quot;end&quot;:100}}}\" data-widget_type=\"image.default\">\n\t\t\t\t<div class=\"elementor-widget-container\">\n\t\t\t\t\t\t\t\t\t\t\t\t\t\t\t<img decoding=\"async\" width=\"800\" height=\"534\" src=\"https:\/\/pvi.co.at\/wp-content\/uploads\/2025\/06\/4B9A0474-1024x683.jpg\" class=\"attachment-large size-large wp-image-147\" alt=\"\" srcset=\"https:\/\/pvi.co.at\/wp-content\/uploads\/2025\/06\/4B9A0474-1024x683.jpg 1024w, https:\/\/pvi.co.at\/wp-content\/uploads\/2025\/06\/4B9A0474-300x200.jpg 300w, https:\/\/pvi.co.at\/wp-content\/uploads\/2025\/06\/4B9A0474-768x512.jpg 768w, https:\/\/pvi.co.at\/wp-content\/uploads\/2025\/06\/4B9A0474-1536x1024.jpg 1536w, https:\/\/pvi.co.at\/wp-content\/uploads\/2025\/06\/4B9A0474-2048x1365.jpg 2048w\" sizes=\"(max-width: 800px) 100vw, 800px\" \/>\t\t\t\t\t\t\t\t\t\t\t\t\t\t\t<\/div>\n\t\t\t\t<\/div>\n\t\t\t\t<\/div>\n\t\t<div class=\"elementor-element elementor-element-6485a878 e-con-full e-flex elementor-invisible e-con e-child\" data-id=\"6485a878\" data-element_type=\"container\" data-settings=\"{&quot;animation&quot;:&quot;fadeIn&quot;}\">\n\t\t\t\t<div class=\"elementor-element elementor-element-62e7b561 elementor-widget elementor-widget-heading\" data-id=\"62e7b561\" data-element_type=\"widget\" data-widget_type=\"heading.default\">\n\t\t\t\t<div class=\"elementor-widget-container\">\n\t\t\t\t\t<h5 class=\"elementor-heading-title elementor-size-default\">INSTALLING THE FUTURE<\/h5>\t\t\t\t<\/div>\n\t\t\t\t<\/div>\n\t\t\t\t<div class=\"elementor-element elementor-element-3452ad44 elementor-widget elementor-widget-heading\" data-id=\"3452ad44\" data-element_type=\"widget\" data-widget_type=\"heading.default\">\n\t\t\t\t<div class=\"elementor-widget-container\">\n\t\t\t\t\t<h2 class=\"elementor-heading-title elementor-size-default\">Technische Expertise f\u00fcr nachhaltige Energiel\u00f6sungen \u2013 alles aus einer Hand<\/h2>\t\t\t\t<\/div>\n\t\t\t\t<\/div>\n\t\t\t\t<div class=\"elementor-element elementor-element-97da263 elementor-widget elementor-widget-text-editor\" data-id=\"97da263\" data-element_type=\"widget\" data-widget_type=\"text-editor.default\">\n\t\t\t\t<div class=\"elementor-widget-container\">\n\t\t\t\t\t\t\t\t\t<p>PVI GmbH realisiert Komplettl\u00f6sungen f\u00fcr Photovoltaik-Gro\u00dfprojekte, Speicher und smarte Ladel\u00f6sungen. Von Machbarkeitsstudie und Planung bis Installation, Betrieb und Monitoring \u2013 wir begleiten jedes Projekt mit Pr\u00e4zision und h\u00f6chsten Qualit\u00e4tsstandards.<br data-start=\"1025\" data-end=\"1028\" \/>Dank unserer Expertise in Batteriespeichern und Ladel\u00f6sungen steigern wir Effizienz, Versorgungssicherheit und Wirtschaftlichkeit Ihrer Anlagen.<\/p><p><strong>PVI \u2013 Ihr Partner f\u00fcr komplexe Energiel\u00f6sungen mit nachhaltigem Mehrwert.<\/strong><\/p>\t\t\t\t\t\t\t\t<\/div>\n\t\t\t\t<\/div>\n\t\t\t\t<\/div>\n\t\t\t\t\t<\/div>\n\t\t\t\t<\/div>\n\t\t<div class=\"elementor-element elementor-element-5459c58 e-flex e-con-boxed e-con e-parent\" data-id=\"5459c58\" data-element_type=\"container\">\n\t\t\t\t\t<div class=\"e-con-inner\">\n\t\t\t\t<div class=\"elementor-element elementor-element-6303750 elementor-hidden-desktop elementor-widget-divider--view-line elementor-widget elementor-widget-divider\" data-id=\"6303750\" data-element_type=\"widget\" data-widget_type=\"divider.default\">\n\t\t\t\t<div class=\"elementor-widget-container\">\n\t\t\t\t\t\t\t<div class=\"elementor-divider\">\n\t\t\t<span class=\"elementor-divider-separator\">\n\t\t\t\t\t\t<\/span>\n\t\t<\/div>\n\t\t\t\t\t\t<\/div>\n\t\t\t\t<\/div>\n\t\t\t\t\t<\/div>\n\t\t\t\t<\/div>\n\t\t<div class=\"elementor-element elementor-element-41086b2 e-flex e-con-boxed e-con e-parent\" data-id=\"41086b2\" data-element_type=\"container\">\n\t\t\t\t\t<div class=\"e-con-inner\">\n\t\t<div class=\"elementor-element elementor-element-9862584 e-con-full e-flex e-con e-child\" data-id=\"9862584\" data-element_type=\"container\">\n\t\t\t\t<div class=\"elementor-element elementor-element-2de1a32 elementor-widget elementor-widget-heading\" data-id=\"2de1a32\" data-element_type=\"widget\" data-widget_type=\"heading.default\">\n\t\t\t\t<div class=\"elementor-widget-container\">\n\t\t\t\t\t<h5 class=\"elementor-heading-title elementor-size-default\">Unsere Leistungen<\/h5>\t\t\t\t<\/div>\n\t\t\t\t<\/div>\n\t\t\t\t<div class=\"elementor-element elementor-element-4e0d24a4 elementor-widget elementor-widget-text-editor\" data-id=\"4e0d24a4\" data-element_type=\"widget\" data-widget_type=\"text-editor.default\">\n\t\t\t\t<div class=\"elementor-widget-container\">\n\t\t\t\t\t\t\t\t\t<p>Entdecken Sie unsere ganzheitlichen Photovoltaik-L\u00f6sungen, mit denen wir saubere Energie f\u00fcr Ihr Zuhause oder Ihr Unternehmen nutzbar machen. Nachhaltig, effizient und zukunftsorientiert.<\/p>\t\t\t\t\t\t\t\t<\/div>\n\t\t\t\t<\/div>\n\t\t\t\t<\/div>\n\t\t\t\t\t<\/div>\n\t\t\t\t<\/div>\n\t\t<div class=\"elementor-element elementor-element-728f9da e-grid e-con-boxed e-con e-parent\" data-id=\"728f9da\" data-element_type=\"container\">\n\t\t\t\t\t<div class=\"e-con-inner\">\n\t\t<div class=\"elementor-element elementor-element-71acd19 e-con-full e-flex e-con e-child\" data-id=\"71acd19\" data-element_type=\"container\">\n\t\t\t\t<div class=\"elementor-element elementor-element-2c46b5d elementor-widget elementor-widget-heading\" data-id=\"2c46b5d\" data-element_type=\"widget\" data-widget_type=\"heading.default\">\n\t\t\t\t<div class=\"elementor-widget-container\">\n\t\t\t\t\t<h2 class=\"elementor-heading-title elementor-size-default\">PROJEKT ENGINEERING<\/h2>\t\t\t\t<\/div>\n\t\t\t\t<\/div>\n\t\t\t\t<div class=\"elementor-element elementor-element-7d12693 elementor-widget elementor-widget-text-editor\" data-id=\"7d12693\" data-element_type=\"widget\" data-widget_type=\"text-editor.default\">\n\t\t\t\t<div class=\"elementor-widget-container\">\n\t\t\t\t\t\t\t\t\t<p>Wir planen Ihre Photovoltaikanlage individuell, effizient und zukunftssicher \u2013 ganz nach Ihren Anforderungen.<\/p>\t\t\t\t\t\t\t\t<\/div>\n\t\t\t\t<\/div>\n\t\t\t\t<div class=\"elementor-element elementor-element-34c4b0e elementor-widget elementor-widget-image\" data-id=\"34c4b0e\" data-element_type=\"widget\" data-widget_type=\"image.default\">\n\t\t\t\t<div class=\"elementor-widget-container\">\n\t\t\t\t\t\t\t\t\t\t\t\t\t\t\t<img decoding=\"async\" width=\"800\" height=\"533\" src=\"https:\/\/pvi.co.at\/wp-content\/uploads\/2025\/10\/EVITAxPVI-2-1-1024x682.jpg\" class=\"attachment-large size-large wp-image-1126\" alt=\"\" srcset=\"https:\/\/pvi.co.at\/wp-content\/uploads\/2025\/10\/EVITAxPVI-2-1-1024x682.jpg 1024w, https:\/\/pvi.co.at\/wp-content\/uploads\/2025\/10\/EVITAxPVI-2-1-300x200.jpg 300w, https:\/\/pvi.co.at\/wp-content\/uploads\/2025\/10\/EVITAxPVI-2-1-768x511.jpg 768w, https:\/\/pvi.co.at\/wp-content\/uploads\/2025\/10\/EVITAxPVI-2-1-1536x1022.jpg 1536w, https:\/\/pvi.co.at\/wp-content\/uploads\/2025\/10\/EVITAxPVI-2-1-2048x1363.jpg 2048w\" sizes=\"(max-width: 800px) 100vw, 800px\" \/>\t\t\t\t\t\t\t\t\t\t\t\t\t\t\t<\/div>\n\t\t\t\t<\/div>\n\t\t\t\t<\/div>\n\t\t<div class=\"elementor-element elementor-element-d57dffa e-con-full e-flex e-con e-child\" data-id=\"d57dffa\" data-element_type=\"container\">\n\t\t\t\t<div class=\"elementor-element elementor-element-814760b elementor-widget elementor-widget-heading\" data-id=\"814760b\" data-element_type=\"widget\" data-widget_type=\"heading.default\">\n\t\t\t\t<div class=\"elementor-widget-container\">\n\t\t\t\t\t<h2 class=\"elementor-heading-title elementor-size-default\">PROJEKT REALISIERUNG<\/h2>\t\t\t\t<\/div>\n\t\t\t\t<\/div>\n\t\t\t\t<div class=\"elementor-element elementor-element-4037202 elementor-widget elementor-widget-text-editor\" data-id=\"4037202\" data-element_type=\"widget\" data-widget_type=\"text-editor.default\">\n\t\t\t\t<div class=\"elementor-widget-container\">\n\t\t\t\t\t\t\t\t\t<p>Von der Montage bis zur Inbetriebnahme: Wir setzen Ihr Projekt professionell und termintreu um.<\/p>\t\t\t\t\t\t\t\t<\/div>\n\t\t\t\t<\/div>\n\t\t\t\t<div class=\"elementor-element elementor-element-4825262 elementor-widget elementor-widget-image\" data-id=\"4825262\" data-element_type=\"widget\" data-widget_type=\"image.default\">\n\t\t\t\t<div class=\"elementor-widget-container\">\n\t\t\t\t\t\t\t\t\t\t\t\t\t\t\t<img loading=\"lazy\" decoding=\"async\" width=\"800\" height=\"534\" src=\"https:\/\/pvi.co.at\/wp-content\/uploads\/2025\/09\/4B9A0486-1024x683.jpg\" class=\"attachment-large size-large wp-image-900\" alt=\"\" srcset=\"https:\/\/pvi.co.at\/wp-content\/uploads\/2025\/09\/4B9A0486-1024x683.jpg 1024w, https:\/\/pvi.co.at\/wp-content\/uploads\/2025\/09\/4B9A0486-300x200.jpg 300w, https:\/\/pvi.co.at\/wp-content\/uploads\/2025\/09\/4B9A0486-768x512.jpg 768w, https:\/\/pvi.co.at\/wp-content\/uploads\/2025\/09\/4B9A0486-1536x1024.jpg 1536w, https:\/\/pvi.co.at\/wp-content\/uploads\/2025\/09\/4B9A0486-2048x1365.jpg 2048w\" sizes=\"(max-width: 800px) 100vw, 800px\" \/>\t\t\t\t\t\t\t\t\t\t\t\t\t\t\t<\/div>\n\t\t\t\t<\/div>\n\t\t\t\t<\/div>\n\t\t<div class=\"elementor-element elementor-element-f591f2c e-con-full e-flex e-con e-child\" data-id=\"f591f2c\" data-element_type=\"container\">\n\t\t\t\t<div class=\"elementor-element elementor-element-9f2fc90 elementor-widget__width-inherit elementor-widget elementor-widget-heading\" data-id=\"9f2fc90\" data-element_type=\"widget\" data-widget_type=\"heading.default\">\n\t\t\t\t<div class=\"elementor-widget-container\">\n\t\t\t\t\t<h2 class=\"elementor-heading-title elementor-size-default\">MONITORING&nbsp;&amp;&nbsp;WARTUNG\n<\/h2>\t\t\t\t<\/div>\n\t\t\t\t<\/div>\n\t\t\t\t<div class=\"elementor-element elementor-element-08053cc elementor-widget elementor-widget-text-editor\" data-id=\"08053cc\" data-element_type=\"widget\" data-widget_type=\"text-editor.default\">\n\t\t\t\t<div class=\"elementor-widget-container\">\n\t\t\t\t\t\t\t\t\t<p>Wir \u00fcberwachen Ihre Anlage kontinuierlich und sorgen mit regelm\u00e4\u00dfiger Wartung f\u00fcr langfristige H\u00f6chstleistung.<\/p>\t\t\t\t\t\t\t\t<\/div>\n\t\t\t\t<\/div>\n\t\t\t\t<div class=\"elementor-element elementor-element-7a64aa3 elementor-widget elementor-widget-image\" data-id=\"7a64aa3\" data-element_type=\"widget\" data-widget_type=\"image.default\">\n\t\t\t\t<div class=\"elementor-widget-container\">\n\t\t\t\t\t\t\t\t\t\t\t\t\t\t\t<img loading=\"lazy\" decoding=\"async\" width=\"800\" height=\"532\" src=\"https:\/\/pvi.co.at\/wp-content\/uploads\/2025\/10\/EVITAxPVI-17-1024x681.jpg\" class=\"attachment-large size-large wp-image-1525\" alt=\"\" srcset=\"https:\/\/pvi.co.at\/wp-content\/uploads\/2025\/10\/EVITAxPVI-17-1024x681.jpg 1024w, https:\/\/pvi.co.at\/wp-content\/uploads\/2025\/10\/EVITAxPVI-17-300x200.jpg 300w, https:\/\/pvi.co.at\/wp-content\/uploads\/2025\/10\/EVITAxPVI-17-768x511.jpg 768w, https:\/\/pvi.co.at\/wp-content\/uploads\/2025\/10\/EVITAxPVI-17-1536x1022.jpg 1536w, https:\/\/pvi.co.at\/wp-content\/uploads\/2025\/10\/EVITAxPVI-17-2048x1362.jpg 2048w\" sizes=\"(max-width: 800px) 100vw, 800px\" \/>\t\t\t\t\t\t\t\t\t\t\t\t\t\t\t<\/div>\n\t\t\t\t<\/div>\n\t\t\t\t<\/div>\n\t\t\t\t\t<\/div>\n\t\t\t\t<\/div>\n\t\t<div class=\"elementor-element elementor-element-39cce9f8 e-flex e-con-boxed e-con e-parent\" data-id=\"39cce9f8\" data-element_type=\"container\" data-settings=\"{&quot;background_background&quot;:&quot;classic&quot;}\">\n\t\t\t\t\t<div class=\"e-con-inner\">\n\t\t\t\t<div class=\"elementor-element elementor-element-1ae71f45 elementor-widget elementor-widget-heading\" data-id=\"1ae71f45\" data-element_type=\"widget\" data-widget_type=\"heading.default\">\n\t\t\t\t<div class=\"elementor-widget-container\">\n\t\t\t\t\t<h3 class=\"elementor-heading-title elementor-size-default\">Serviceleistungen<\/h3>\t\t\t\t<\/div>\n\t\t\t\t<\/div>\n\t\t\t\t<div class=\"elementor-element elementor-element-eb0e06a elementor-widget elementor-widget-heading\" data-id=\"eb0e06a\" data-element_type=\"widget\" data-widget_type=\"heading.default\">\n\t\t\t\t<div class=\"elementor-widget-container\">\n\t\t\t\t\t<p class=\"elementor-heading-title elementor-size-default\">Unsere Serviceleistungen sichern den langfristigen Erfolg Ihrer Photovoltaikanlage \u2013 von regelm\u00e4\u00dfiger Wartung \u00fcber schnelle Fehlerdiagnose bis hin zur effizienten St\u00f6rungsbehebung.<\/p>\t\t\t\t<\/div>\n\t\t\t\t<\/div>\n\t\t<div class=\"elementor-element elementor-element-674854d4 e-con-full e-flex e-con e-child\" data-id=\"674854d4\" data-element_type=\"container\" id=\"equal-services\">\n\t\t\t\t<div class=\"elementor-element elementor-element-5e45bc01 elementor-widget__width-initial elementor-widget-tablet__width-initial elementor-widget-mobile__width-initial elementor-widget elementor-widget-icon-box\" data-id=\"5e45bc01\" data-element_type=\"widget\" data-widget_type=\"icon-box.default\">\n\t\t\t\t<div class=\"elementor-widget-container\">\n\t\t\t\t\t\t\t<div class=\"elementor-icon-box-wrapper\">\n\n\t\t\t\n\t\t\t\t\t\t<div class=\"elementor-icon-box-content\">\n\n\t\t\t\t\t\t\t\t\t<h2 class=\"elementor-icon-box-title\">\n\t\t\t\t\t\t<span  >\n\t\t\t\t\t\t\tFern\u00fcberwachung &amp; Anlagenwartung\t\t\t\t\t\t<\/span>\n\t\t\t\t\t<\/h2>\n\t\t\t\t\n\t\t\t\t\t\t\t\t\t<p class=\"elementor-icon-box-description\">\n\t\t\t\t\t\tWir behalten Ihre Anlage jederzeit im Blick und sorgen f\u00fcr einen reibungslosen Betrieb.\t\t\t\t\t<\/p>\n\t\t\t\t\n\t\t\t<\/div>\n\t\t\t\n\t\t<\/div>\n\t\t\t\t\t\t<\/div>\n\t\t\t\t<\/div>\n\t\t\t\t<div class=\"elementor-element elementor-element-663de705 elementor-widget__width-initial elementor-widget-tablet__width-initial elementor-widget-mobile__width-initial elementor-widget elementor-widget-icon-box\" data-id=\"663de705\" data-element_type=\"widget\" data-widget_type=\"icon-box.default\">\n\t\t\t\t<div class=\"elementor-widget-container\">\n\t\t\t\t\t\t\t<div class=\"elementor-icon-box-wrapper\">\n\n\t\t\t\n\t\t\t\t\t\t<div class=\"elementor-icon-box-content\">\n\n\t\t\t\t\t\t\t\t\t<h4 class=\"elementor-icon-box-title\">\n\t\t\t\t\t\t<span  >\n\t\t\t\t\t\t\tThermische Inspektion &amp;<\/br> gesetzliche Pr\u00fcfung\t\t\t\t\t\t<\/span>\n\t\t\t\t\t<\/h4>\n\t\t\t\t\n\t\t\t\t\t\t\t\t\t<p class=\"elementor-icon-box-description\">\n\t\t\t\t\t\tMit W\u00e4rmebildtechnik und regelm\u00e4\u00dfigen Pr\u00fcfungen erf\u00fcllen wir alle gesetzlichen Vorgaben \u2013 sicher und zuverl\u00e4ssig.\t\t\t\t\t<\/p>\n\t\t\t\t\n\t\t\t<\/div>\n\t\t\t\n\t\t<\/div>\n\t\t\t\t\t\t<\/div>\n\t\t\t\t<\/div>\n\t\t\t\t<div class=\"elementor-element elementor-element-542fa48b elementor-widget__width-initial elementor-widget-tablet__width-initial elementor-widget-mobile__width-initial elementor-widget elementor-widget-icon-box\" data-id=\"542fa48b\" data-element_type=\"widget\" data-widget_type=\"icon-box.default\">\n\t\t\t\t<div class=\"elementor-widget-container\">\n\t\t\t\t\t\t\t<div class=\"elementor-icon-box-wrapper\">\n\n\t\t\t\n\t\t\t\t\t\t<div class=\"elementor-icon-box-content\">\n\n\t\t\t\t\t\t\t\t\t<h4 class=\"elementor-icon-box-title\">\n\t\t\t\t\t\t<span  >\n\t\t\t\t\t\t\tModulreinigung\t\t\t\t\t\t<\/span>\n\t\t\t\t\t<\/h4>\n\t\t\t\t\n\t\t\t\t\t\t\t\t\t<p class=\"elementor-icon-box-description\">\n\t\t\t\t\t\tProfessionelle Reinigung f\u00fcr maximale Effizienz und Ertrag Ihrer Photovoltaikanlage.\t\t\t\t\t<\/p>\n\t\t\t\t\n\t\t\t<\/div>\n\t\t\t\n\t\t<\/div>\n\t\t\t\t\t\t<\/div>\n\t\t\t\t<\/div>\n\t\t\t\t<\/div>\n\t\t\t\t<div class=\"elementor-element elementor-element-5996b48 elementor-widget elementor-widget-image\" data-id=\"5996b48\" data-element_type=\"widget\" data-widget_type=\"image.default\">\n\t\t\t\t<div class=\"elementor-widget-container\">\n\t\t\t\t\t\t\t\t\t\t\t\t\t\t\t<img loading=\"lazy\" decoding=\"async\" width=\"150\" height=\"150\" src=\"https:\/\/pvi.co.at\/wp-content\/uploads\/2025\/06\/ico-02-150x150.png\" class=\"attachment-thumbnail size-thumbnail wp-image-28\" alt=\"\" srcset=\"https:\/\/pvi.co.at\/wp-content\/uploads\/2025\/06\/ico-02-150x150.png 150w, https:\/\/pvi.co.at\/wp-content\/uploads\/2025\/06\/ico-02-300x300.png 300w, https:\/\/pvi.co.at\/wp-content\/uploads\/2025\/06\/ico-02.png 400w\" sizes=\"(max-width: 150px) 100vw, 150px\" \/>\t\t\t\t\t\t\t\t\t\t\t\t\t\t\t<\/div>\n\t\t\t\t<\/div>\n\t\t\t\t\t<\/div>\n\t\t\t\t<\/div>\n\t\t<div class=\"elementor-element elementor-element-150e6d8 e-flex e-con-boxed e-con e-parent\" data-id=\"150e6d8\" data-element_type=\"container\" data-settings=\"{&quot;background_background&quot;:&quot;video&quot;,&quot;background_motion_fx_devices&quot;:[&quot;desktop&quot;],&quot;background_motion_fx_translateX_effect&quot;:&quot;yes&quot;,&quot;background_video_link&quot;:&quot;https:\\\/\\\/pvi.co.at\\\/wp-content\\\/uploads\\\/2025\\\/09\\\/156444-812591952_small.mp4&quot;,&quot;background_motion_fx_translateX_speed&quot;:{&quot;unit&quot;:&quot;px&quot;,&quot;size&quot;:4,&quot;sizes&quot;:[]},&quot;background_motion_fx_translateX_affectedRange&quot;:{&quot;unit&quot;:&quot;%&quot;,&quot;size&quot;:&quot;&quot;,&quot;sizes&quot;:{&quot;start&quot;:0,&quot;end&quot;:100}}}\">\n\t\t\t\t\t<div class=\"e-con-inner\">\n\t\t<div class=\"elementor-background-video-container elementor-hidden-mobile\" aria-hidden=\"true\">\n\t\t\t\t\t\t\t<video class=\"elementor-background-video-hosted\" autoplay muted playsinline loop><\/video>\n\t\t\t\t\t<\/div><div class=\"elementor-element elementor-element-46eb14d e-con-full e-flex e-con e-child\" data-id=\"46eb14d\" data-element_type=\"container\">\n\t\t\t\t<div class=\"elementor-element elementor-element-1f47809d elementor-invisible elementor-widget elementor-widget-heading\" data-id=\"1f47809d\" data-element_type=\"widget\" data-settings=\"{&quot;_animation&quot;:&quot;fadeIn&quot;}\" data-widget_type=\"heading.default\">\n\t\t\t\t<div class=\"elementor-widget-container\">\n\t\t\t\t\t<h1 class=\"elementor-heading-title elementor-size-default\">+43 (0)463 525-4800<\/h1>\t\t\t\t<\/div>\n\t\t\t\t<\/div>\n\t\t\t\t<\/div>\n\t\t<div class=\"elementor-element elementor-element-4aa983c3 e-con-full e-flex e-con e-child\" data-id=\"4aa983c3\" data-element_type=\"container\">\n\t\t\t\t<div class=\"elementor-element elementor-element-2796482b elementor-align-center elementor-invisible elementor-widget elementor-widget-button\" data-id=\"2796482b\" data-element_type=\"widget\" data-settings=\"{&quot;motion_fx_motion_fx_scrolling&quot;:&quot;yes&quot;,&quot;motion_fx_scale_effect&quot;:&quot;yes&quot;,&quot;motion_fx_devices&quot;:[&quot;desktop&quot;],&quot;_animation&quot;:&quot;fadeInUp&quot;,&quot;motion_fx_scale_direction&quot;:&quot;out-in&quot;,&quot;motion_fx_scale_speed&quot;:{&quot;unit&quot;:&quot;px&quot;,&quot;size&quot;:4,&quot;sizes&quot;:[]},&quot;motion_fx_scale_range&quot;:{&quot;unit&quot;:&quot;%&quot;,&quot;size&quot;:&quot;&quot;,&quot;sizes&quot;:{&quot;start&quot;:20,&quot;end&quot;:80}}}\" data-widget_type=\"button.default\">\n\t\t\t\t<div class=\"elementor-widget-container\">\n\t\t\t\t\t\t\t\t\t<div class=\"elementor-button-wrapper\">\n\t\t\t\t\t<a class=\"elementor-button elementor-button-link elementor-size-sm\" href=\"https:\/\/pvi.co.at\/index.php\/kontakt\/\">\n\t\t\t\t\t\t<span class=\"elementor-button-content-wrapper\">\n\t\t\t\t\t\t\t\t\t<span class=\"elementor-button-text\">KONTAKT<\/span>\n\t\t\t\t\t<\/span>\n\t\t\t\t\t<\/a>\n\t\t\t\t<\/div>\n\t\t\t\t\t\t\t\t<\/div>\n\t\t\t\t<\/div>\n\t\t\t\t<\/div>\n\t\t\t\t\t<\/div>\n\t\t\t\t<\/div>\n\t\t\t\t<\/div>\n\t\t","protected":false},"excerpt":{"rendered":"<p>INSTALLING THE FUTURE Technische Expertise f\u00fcr nachhaltige Energiel\u00f6sungen \u2013 alles aus einer Hand PVI GmbH realisiert Komplettl\u00f6sungen f\u00fcr Photovoltaik-Gro\u00dfprojekte, Speicher und smarte Ladel\u00f6sungen. Von Machbarkeitsstudie und Planung bis Installation, Betrieb und Monitoring \u2013 wir begleiten jedes Projekt mit Pr\u00e4zision und h\u00f6chsten Qualit\u00e4tsstandards.Dank unserer Expertise in Batteriespeichern und Ladel\u00f6sungen steigern wir Effizienz, Versorgungssicherheit und Wirtschaftlichkeit Ihrer [&hellip;]<\/p>\n","protected":false},"author":1,"featured_media":0,"parent":0,"menu_order":0,"comment_status":"closed","ping_status":"closed","template":"","meta":{"footnotes":""},"class_list":["post-137","page","type-page","status-publish","hentry"],"_links":{"self":[{"href":"https:\/\/pvi.co.at\/index.php\/wp-json\/wp\/v2\/pages\/137","targetHints":{"allow":["GET"]}}],"collection":[{"href":"https:\/\/pvi.co.at\/index.php\/wp-json\/wp\/v2\/pages"}],"about":[{"href":"https:\/\/pvi.co.at\/index.php\/wp-json\/wp\/v2\/types\/page"}],"author":[{"embeddable":true,"href":"https:\/\/pvi.co.at\/index.php\/wp-json\/wp\/v2\/users\/1"}],"replies":[{"embeddable":true,"href":"https:\/\/pvi.co.at\/index.php\/wp-json\/wp\/v2\/comments?post=137"}],"version-history":[{"count":260,"href":"https:\/\/pvi.co.at\/index.php\/wp-json\/wp\/v2\/pages\/137\/revisions"}],"predecessor-version":[{"id":2282,"href":"https:\/\/pvi.co.at\/index.php\/wp-json\/wp\/v2\/pages\/137\/revisions\/2282"}],"wp:attachment":[{"href":"https:\/\/pvi.co.at\/index.php\/wp-json\/wp\/v2\/media?parent=137"}],"curies":[{"name":"wp","href":"https:\/\/api.w.org\/{rel}","templated":true}]}}