{"id":324,"date":"2025-09-09T15:31:56","date_gmt":"2025-09-09T15:31:56","guid":{"rendered":"https:\/\/www.testevita.com\/pvi\/?page_id=324"},"modified":"2025-10-20T12:54:04","modified_gmt":"2025-10-20T12:54:04","slug":"service-und-wartung","status":"publish","type":"page","link":"https:\/\/pvi.co.at\/index.php\/service-und-wartung\/","title":{"rendered":"SERVICE UND WARTUNG"},"content":{"rendered":"\t\t<div data-elementor-type=\"wp-page\" data-elementor-id=\"324\" class=\"elementor elementor-324\" data-elementor-post-type=\"page\">\n\t\t\t\t<div class=\"elementor-element elementor-element-23b4e325 e-flex e-con-boxed e-con e-parent\" data-id=\"23b4e325\" data-element_type=\"container\" data-settings=\"{&quot;background_background&quot;:&quot;classic&quot;}\">\n\t\t\t\t\t<div class=\"e-con-inner\">\n\t\t<div class=\"elementor-element elementor-element-307f878a e-con-full e-flex e-con e-child\" data-id=\"307f878a\" data-element_type=\"container\">\n\t\t\t\t<div class=\"elementor-element elementor-element-4c34cb37 elementor-widget elementor-widget-heading\" data-id=\"4c34cb37\" data-element_type=\"widget\" data-widget_type=\"heading.default\">\n\t\t\t\t<div class=\"elementor-widget-container\">\n\t\t\t\t\t<h1 class=\"elementor-heading-title elementor-size-default\">SERVICE UND WARTUNG<\/h1>\t\t\t\t<\/div>\n\t\t\t\t<\/div>\n\t\t\t\t<\/div>\n\t\t\t\t\t<\/div>\n\t\t\t\t<\/div>\n\t\t<div class=\"elementor-element elementor-element-4c12dcfa e-flex e-con-boxed e-con e-parent\" data-id=\"4c12dcfa\" data-element_type=\"container\" data-settings=\"{&quot;background_background&quot;:&quot;classic&quot;}\">\n\t\t\t\t\t<div class=\"e-con-inner\">\n\t\t<div class=\"elementor-element elementor-element-7f79b7e6 e-con-full e-flex e-con e-child\" data-id=\"7f79b7e6\" data-element_type=\"container\">\n\t\t\t\t<div class=\"elementor-element elementor-element-d7477fc elementor-widget elementor-widget-heading\" data-id=\"d7477fc\" data-element_type=\"widget\" data-widget_type=\"heading.default\">\n\t\t\t\t<div class=\"elementor-widget-container\">\n\t\t\t\t\t<h5 class=\"elementor-heading-title elementor-size-default\">SERVICE UND WARTUNG<\/h5>\t\t\t\t<\/div>\n\t\t\t\t<\/div>\n\t\t\t\t<div class=\"elementor-element elementor-element-15d865c1 elementor-widget elementor-widget-heading\" data-id=\"15d865c1\" data-element_type=\"widget\" data-widget_type=\"heading.default\">\n\t\t\t\t<div class=\"elementor-widget-container\">\n\t\t\t\t\t<h2 class=\"elementor-heading-title elementor-size-default\">Sonnenenergie nutzen, speichern und sparen <\/h2>\t\t\t\t<\/div>\n\t\t\t\t<\/div>\n\t\t\t\t<div class=\"elementor-element elementor-element-67a68a35 elementor-widget elementor-widget-heading\" data-id=\"67a68a35\" data-element_type=\"widget\" data-widget_type=\"heading.default\">\n\t\t\t\t<div class=\"elementor-widget-container\">\n\t\t\t\t\t<p class=\"elementor-heading-title elementor-size-default\">Nur eine funktionierende Anlage liefert dauerhaft Leistung. Mit unserem Service und regelm\u00e4\u00dfiger Wartung bleibt Ihre Energieanlage effizient, sicher und zuverl\u00e4ssig \u2013 f\u00fcr maximale Wirtschaftlichkeit und Unabh\u00e4ngigkeit.\nOb St\u00f6rungsbehebung, j\u00e4hrliche Wartung oder gesetzliche Pr\u00fcfungen, wir sind Ihr verl\u00e4sslicher Partner, damit Ihre Anlage jederzeit leistungsstark bleibt.<\/p>\t\t\t\t<\/div>\n\t\t\t\t<\/div>\n\t\t<div class=\"elementor-element elementor-element-23979321 e-con-full e-flex e-con e-child\" data-id=\"23979321\" data-element_type=\"container\">\n\t\t\t\t<div class=\"elementor-element elementor-element-770c9b5 elementor-widget elementor-widget-text-editor\" data-id=\"770c9b5\" data-element_type=\"widget\" data-widget_type=\"text-editor.default\">\n\t\t\t\t<div class=\"elementor-widget-container\">\n\t\t\t\t\t\t\t\t\t<h4 style=\"text-align: center;\"><b>Ihre Komplettl\u00f6sung f\u00fcr sorgenfreie Energie:<\/b><\/h4><ul><li data-start=\"650\" data-end=\"726\"><p data-start=\"652\" data-end=\"726\"><strong data-start=\"652\" data-end=\"672\">Fern\u00fcberwachung:<\/strong> Anlagenkontrolle, St\u00f6rungsmeldungen, Fehlerbehebung<\/p><\/li><li data-start=\"727\" data-end=\"821\"><p data-start=\"729\" data-end=\"821\"><strong data-start=\"729\" data-end=\"748\">Anlagenwartung:<\/strong> Sichtpr\u00fcfung, Kabel- und Systemkontrolle, Funktions- und Leistungstest<\/p><\/li><li data-start=\"822\" data-end=\"897\"><p data-start=\"824\" data-end=\"897\"><strong data-start=\"824\" data-end=\"850\">Thermische Inspektion:<\/strong> Drohnenbefliegung, Datenauswertung, Beratung<\/p><\/li><li data-start=\"898\" data-end=\"966\"><p data-start=\"900\" data-end=\"966\"><strong data-start=\"900\" data-end=\"914\">Pr\u00fcfungen:<\/strong> Messungen &amp; Sicherheitschecks nach Norm (AC &amp; DC)<\/p><\/li><li data-start=\"967\" data-end=\"1062\"><p data-start=\"969\" data-end=\"1062\"><strong data-start=\"969\" data-end=\"988\">Modulreinigung:<\/strong> Entfernung von Verunreinigungen, Reinigung mit demineralisiertem Wasser<\/p><\/li><\/ul>\t\t\t\t\t\t\t\t<\/div>\n\t\t\t\t<\/div>\n\t\t\t\t<\/div>\n\t\t\t\t<div class=\"elementor-element elementor-element-1e71e96 elementor-mobile-align-center elementor-tablet-align-center elementor-invisible elementor-widget elementor-widget-button\" data-id=\"1e71e96\" data-element_type=\"widget\" data-settings=\"{&quot;_animation&quot;:&quot;fadeInUp&quot;}\" data-widget_type=\"button.default\">\n\t\t\t\t<div class=\"elementor-widget-container\">\n\t\t\t\t\t\t\t\t\t<div class=\"elementor-button-wrapper\">\n\t\t\t\t\t<a class=\"elementor-button elementor-button-link elementor-size-sm\" href=\"https:\/\/pvi.co.at\/index.php\/kontakt\/\">\n\t\t\t\t\t\t<span class=\"elementor-button-content-wrapper\">\n\t\t\t\t\t\t\t\t\t<span class=\"elementor-button-text\">KONTAKT<\/span>\n\t\t\t\t\t<\/span>\n\t\t\t\t\t<\/a>\n\t\t\t\t<\/div>\n\t\t\t\t\t\t\t\t<\/div>\n\t\t\t\t<\/div>\n\t\t\t\t<\/div>\n\t\t<div class=\"elementor-element elementor-element-3df0fd81 e-con-full e-flex e-con e-child\" data-id=\"3df0fd81\" data-element_type=\"container\">\n\t\t\t\t<div class=\"elementor-element elementor-element-70635b2 elementor-widget elementor-widget-image\" data-id=\"70635b2\" data-element_type=\"widget\" data-widget_type=\"image.default\">\n\t\t\t\t<div class=\"elementor-widget-container\">\n\t\t\t\t\t\t\t\t\t\t\t\t\t\t\t<img fetchpriority=\"high\" decoding=\"async\" width=\"800\" height=\"532\" src=\"https:\/\/pvi.co.at\/wp-content\/uploads\/2025\/10\/vvitollis@gmail.com-62-1024x681.jpg\" class=\"attachment-large size-large wp-image-1865\" alt=\"\" srcset=\"https:\/\/pvi.co.at\/wp-content\/uploads\/2025\/10\/vvitollis@gmail.com-62-1024x681.jpg 1024w, https:\/\/pvi.co.at\/wp-content\/uploads\/2025\/10\/vvitollis@gmail.com-62-300x200.jpg 300w, https:\/\/pvi.co.at\/wp-content\/uploads\/2025\/10\/vvitollis@gmail.com-62-768x511.jpg 768w, https:\/\/pvi.co.at\/wp-content\/uploads\/2025\/10\/vvitollis@gmail.com-62-1536x1022.jpg 1536w, https:\/\/pvi.co.at\/wp-content\/uploads\/2025\/10\/vvitollis@gmail.com-62-2048x1363.jpg 2048w\" sizes=\"(max-width: 800px) 100vw, 800px\" \/>\t\t\t\t\t\t\t\t\t\t\t\t\t\t\t<\/div>\n\t\t\t\t<\/div>\n\t\t\t\t<\/div>\n\t\t\t\t\t<\/div>\n\t\t\t\t<\/div>\n\t\t<div class=\"elementor-element elementor-element-44361cc0 e-con-full e-flex e-con e-parent\" data-id=\"44361cc0\" data-element_type=\"container\">\n\t\t<div class=\"elementor-element elementor-element-6c4da743 e-con-full e-flex e-con e-child\" data-id=\"6c4da743\" data-element_type=\"container\" data-settings=\"{&quot;background_background&quot;:&quot;classic&quot;}\">\n\t\t\t\t<div class=\"elementor-element elementor-element-78ea1a91 elementor-widget elementor-widget-heading\" data-id=\"78ea1a91\" data-element_type=\"widget\" data-widget_type=\"heading.default\">\n\t\t\t\t<div class=\"elementor-widget-container\">\n\t\t\t\t\t<h2 class=\"elementor-heading-title elementor-size-default\">JETZT MIT PVI AUF SOLARPOWER SETZEN<\/h2>\t\t\t\t<\/div>\n\t\t\t\t<\/div>\n\t\t\t\t<div class=\"elementor-element elementor-element-d13dc2e elementor-tablet-align-center elementor-invisible elementor-widget elementor-widget-button\" data-id=\"d13dc2e\" data-element_type=\"widget\" data-settings=\"{&quot;_animation&quot;:&quot;fadeInUp&quot;}\" data-widget_type=\"button.default\">\n\t\t\t\t<div class=\"elementor-widget-container\">\n\t\t\t\t\t\t\t\t\t<div class=\"elementor-button-wrapper\">\n\t\t\t\t\t<a class=\"elementor-button elementor-button-link elementor-size-sm\" href=\"https:\/\/pvi.co.at\/index.php\/kontakt\/\">\n\t\t\t\t\t\t<span class=\"elementor-button-content-wrapper\">\n\t\t\t\t\t\t\t\t\t<span class=\"elementor-button-text\">KONTAKT<\/span>\n\t\t\t\t\t<\/span>\n\t\t\t\t\t<\/a>\n\t\t\t\t<\/div>\n\t\t\t\t\t\t\t\t<\/div>\n\t\t\t\t<\/div>\n\t\t\t\t<\/div>\n\t\t<div class=\"elementor-element elementor-element-7f12a6a0 e-con-full e-flex e-con e-child\" data-id=\"7f12a6a0\" data-element_type=\"container\">\n\t\t<div class=\"elementor-element elementor-element-19d7b552 e-con-full e-flex elementor-invisible e-con e-child\" data-id=\"19d7b552\" data-element_type=\"container\" data-settings=\"{&quot;background_background&quot;:&quot;classic&quot;,&quot;animation&quot;:&quot;fadeIn&quot;,&quot;animation_delay&quot;:&quot;200&quot;}\">\n\t\t\t\t<div class=\"elementor-element elementor-element-33b75977 elementor-widget elementor-widget-heading\" data-id=\"33b75977\" data-element_type=\"widget\" data-widget_type=\"heading.default\">\n\t\t\t\t<div class=\"elementor-widget-container\">\n\t\t\t\t\t<h4 class=\"elementor-heading-title elementor-size-default\">PRODUKTE<\/h4>\t\t\t\t<\/div>\n\t\t\t\t<\/div>\n\t\t\t\t<div class=\"elementor-element elementor-element-777cc7d elementor-icon-list--layout-traditional elementor-list-item-link-full_width elementor-widget elementor-widget-icon-list\" data-id=\"777cc7d\" data-element_type=\"widget\" data-widget_type=\"icon-list.default\">\n\t\t\t\t<div class=\"elementor-widget-container\">\n\t\t\t\t\t\t\t<ul class=\"elementor-icon-list-items\">\n\t\t\t\t\t\t\t<li class=\"elementor-icon-list-item\">\n\t\t\t\t\t\t\t\t\t\t\t<a href=\"https:\/\/pvi.co.at\/index.php\/photovoltaik\/\">\n\n\t\t\t\t\t\t\t\t\t\t\t\t<span class=\"elementor-icon-list-icon\">\n\t\t\t\t\t\t\t<svg aria-hidden=\"true\" class=\"e-font-icon-svg e-fas-check\" viewBox=\"0 0 512 512\" xmlns=\"http:\/\/www.w3.org\/2000\/svg\"><path d=\"M173.898 439.404l-166.4-166.4c-9.997-9.997-9.997-26.206 0-36.204l36.203-36.204c9.997-9.998 26.207-9.998 36.204 0L192 312.69 432.095 72.596c9.997-9.997 26.207-9.997 36.204 0l36.203 36.204c9.997 9.997 9.997 26.206 0 36.204l-294.4 294.401c-9.998 9.997-26.207 9.997-36.204-.001z\"><\/path><\/svg>\t\t\t\t\t\t<\/span>\n\t\t\t\t\t\t\t\t\t\t<span class=\"elementor-icon-list-text\">Photovoltaik<\/span>\n\t\t\t\t\t\t\t\t\t\t\t<\/a>\n\t\t\t\t\t\t\t\t\t<\/li>\n\t\t\t\t\t\t\t\t<li class=\"elementor-icon-list-item\">\n\t\t\t\t\t\t\t\t\t\t\t<a href=\"https:\/\/pvi.co.at\/index.php\/speichersysteme\/\">\n\n\t\t\t\t\t\t\t\t\t\t\t\t<span class=\"elementor-icon-list-icon\">\n\t\t\t\t\t\t\t<svg aria-hidden=\"true\" class=\"e-font-icon-svg e-fas-check\" viewBox=\"0 0 512 512\" xmlns=\"http:\/\/www.w3.org\/2000\/svg\"><path d=\"M173.898 439.404l-166.4-166.4c-9.997-9.997-9.997-26.206 0-36.204l36.203-36.204c9.997-9.998 26.207-9.998 36.204 0L192 312.69 432.095 72.596c9.997-9.997 26.207-9.997 36.204 0l36.203 36.204c9.997 9.997 9.997 26.206 0 36.204l-294.4 294.401c-9.998 9.997-26.207 9.997-36.204-.001z\"><\/path><\/svg>\t\t\t\t\t\t<\/span>\n\t\t\t\t\t\t\t\t\t\t<span class=\"elementor-icon-list-text\">Speichersysteme<\/span>\n\t\t\t\t\t\t\t\t\t\t\t<\/a>\n\t\t\t\t\t\t\t\t\t<\/li>\n\t\t\t\t\t\t\t\t<li class=\"elementor-icon-list-item\">\n\t\t\t\t\t\t\t\t\t\t\t<a href=\"https:\/\/pvi.co.at\/index.php\/ladeloesungen\/\">\n\n\t\t\t\t\t\t\t\t\t\t\t\t<span class=\"elementor-icon-list-icon\">\n\t\t\t\t\t\t\t<svg aria-hidden=\"true\" class=\"e-font-icon-svg e-fas-check\" viewBox=\"0 0 512 512\" xmlns=\"http:\/\/www.w3.org\/2000\/svg\"><path d=\"M173.898 439.404l-166.4-166.4c-9.997-9.997-9.997-26.206 0-36.204l36.203-36.204c9.997-9.998 26.207-9.998 36.204 0L192 312.69 432.095 72.596c9.997-9.997 26.207-9.997 36.204 0l36.203 36.204c9.997 9.997 9.997 26.206 0 36.204l-294.4 294.401c-9.998 9.997-26.207 9.997-36.204-.001z\"><\/path><\/svg>\t\t\t\t\t\t<\/span>\n\t\t\t\t\t\t\t\t\t\t<span class=\"elementor-icon-list-text\">Ladel\u00f6sungen<\/span>\n\t\t\t\t\t\t\t\t\t\t\t<\/a>\n\t\t\t\t\t\t\t\t\t<\/li>\n\t\t\t\t\t\t\t\t<li class=\"elementor-icon-list-item\">\n\t\t\t\t\t\t\t\t\t\t\t<a href=\"https:\/\/pvi.co.at\/index.php\/service-und-wartung\/\">\n\n\t\t\t\t\t\t\t\t\t\t\t\t<span class=\"elementor-icon-list-icon\">\n\t\t\t\t\t\t\t<svg aria-hidden=\"true\" class=\"e-font-icon-svg e-fas-check\" viewBox=\"0 0 512 512\" xmlns=\"http:\/\/www.w3.org\/2000\/svg\"><path d=\"M173.898 439.404l-166.4-166.4c-9.997-9.997-9.997-26.206 0-36.204l36.203-36.204c9.997-9.998 26.207-9.998 36.204 0L192 312.69 432.095 72.596c9.997-9.997 26.207-9.997 36.204 0l36.203 36.204c9.997 9.997 9.997 26.206 0 36.204l-294.4 294.401c-9.998 9.997-26.207 9.997-36.204-.001z\"><\/path><\/svg>\t\t\t\t\t\t<\/span>\n\t\t\t\t\t\t\t\t\t\t<span class=\"elementor-icon-list-text\">Service und Wartung<\/span>\n\t\t\t\t\t\t\t\t\t\t\t<\/a>\n\t\t\t\t\t\t\t\t\t<\/li>\n\t\t\t\t\t\t\t\t<li class=\"elementor-icon-list-item\">\n\t\t\t\t\t\t\t\t\t\t\t<a href=\"https:\/\/pvi.co.at\/index.php\/contracting-und-finanzierung\/\">\n\n\t\t\t\t\t\t\t\t\t\t\t\t<span class=\"elementor-icon-list-icon\">\n\t\t\t\t\t\t\t<svg aria-hidden=\"true\" class=\"e-font-icon-svg e-fas-check\" viewBox=\"0 0 512 512\" xmlns=\"http:\/\/www.w3.org\/2000\/svg\"><path d=\"M173.898 439.404l-166.4-166.4c-9.997-9.997-9.997-26.206 0-36.204l36.203-36.204c9.997-9.998 26.207-9.998 36.204 0L192 312.69 432.095 72.596c9.997-9.997 26.207-9.997 36.204 0l36.203 36.204c9.997 9.997 9.997 26.206 0 36.204l-294.4 294.401c-9.998 9.997-26.207 9.997-36.204-.001z\"><\/path><\/svg>\t\t\t\t\t\t<\/span>\n\t\t\t\t\t\t\t\t\t\t<span class=\"elementor-icon-list-text\">Contracting und Finanzierung<\/span>\n\t\t\t\t\t\t\t\t\t\t\t<\/a>\n\t\t\t\t\t\t\t\t\t<\/li>\n\t\t\t\t\t\t<\/ul>\n\t\t\t\t\t\t<\/div>\n\t\t\t\t<\/div>\n\t\t\t\t<\/div>\n\t\t\t\t<\/div>\n\t\t\t\t<\/div>\n\t\t\t\t<\/div>\n\t\t","protected":false},"excerpt":{"rendered":"<p>SERVICE UND WARTUNG Sonnenenergie nutzen, speichern und sparen Nur eine funktionierende Anlage liefert dauerhaft Leistung. Mit unserem Service und regelm\u00e4\u00dfiger Wartung bleibt Ihre Energieanlage effizient, sicher und zuverl\u00e4ssig \u2013 f\u00fcr maximale Wirtschaftlichkeit und Unabh\u00e4ngigkeit. Ob St\u00f6rungsbehebung, j\u00e4hrliche Wartung oder gesetzliche Pr\u00fcfungen, wir sind Ihr verl\u00e4sslicher Partner, damit Ihre Anlage jederzeit leistungsstark bleibt. Ihre Komplettl\u00f6sung f\u00fcr [&hellip;]<\/p>\n","protected":false},"author":1,"featured_media":0,"parent":0,"menu_order":0,"comment_status":"closed","ping_status":"closed","template":"","meta":{"footnotes":""},"class_list":["post-324","page","type-page","status-publish","hentry"],"_links":{"self":[{"href":"https:\/\/pvi.co.at\/index.php\/wp-json\/wp\/v2\/pages\/324","targetHints":{"allow":["GET"]}}],"collection":[{"href":"https:\/\/pvi.co.at\/index.php\/wp-json\/wp\/v2\/pages"}],"about":[{"href":"https:\/\/pvi.co.at\/index.php\/wp-json\/wp\/v2\/types\/page"}],"author":[{"embeddable":true,"href":"https:\/\/pvi.co.at\/index.php\/wp-json\/wp\/v2\/users\/1"}],"replies":[{"embeddable":true,"href":"https:\/\/pvi.co.at\/index.php\/wp-json\/wp\/v2\/comments?post=324"}],"version-history":[{"count":31,"href":"https:\/\/pvi.co.at\/index.php\/wp-json\/wp\/v2\/pages\/324\/revisions"}],"predecessor-version":[{"id":1964,"href":"https:\/\/pvi.co.at\/index.php\/wp-json\/wp\/v2\/pages\/324\/revisions\/1964"}],"wp:attachment":[{"href":"https:\/\/pvi.co.at\/index.php\/wp-json\/wp\/v2\/media?parent=324"}],"curies":[{"name":"wp","href":"https:\/\/api.w.org\/{rel}","templated":true}]}}