{"id":811,"date":"2025-09-23T11:36:55","date_gmt":"2025-09-23T11:36:55","guid":{"rendered":"https:\/\/www.testevita.com\/pvi\/?page_id=811"},"modified":"2025-10-20T13:44:37","modified_gmt":"2025-10-20T13:44:37","slug":"initiativbewerbung","status":"publish","type":"page","link":"https:\/\/pvi.co.at\/index.php\/initiativbewerbung\/","title":{"rendered":"KARRIERE"},"content":{"rendered":"\t\t<div data-elementor-type=\"wp-page\" data-elementor-id=\"811\" class=\"elementor elementor-811\" data-elementor-post-type=\"page\">\n\t\t\t\t<div class=\"elementor-element elementor-element-6855654 e-con-full e-flex elementor-invisible e-con e-child\" data-id=\"6855654\" data-element_type=\"container\" data-settings=\"{&quot;animation&quot;:&quot;fadeIn&quot;,&quot;animation_delay&quot;:200}\">\n\t\t<div class=\"elementor-element elementor-element-508a5e2 e-flex e-con-boxed e-con e-child\" data-id=\"508a5e2\" data-element_type=\"container\" data-settings=\"{&quot;background_background&quot;:&quot;classic&quot;}\">\n\t\t\t\t\t<div class=\"e-con-inner\">\n\t\t<div class=\"elementor-element elementor-element-eb87409 e-con-full e-flex e-con e-child\" data-id=\"eb87409\" data-element_type=\"container\">\n\t\t\t\t<div class=\"elementor-element elementor-element-fc5a0b3 elementor-widget elementor-widget-heading\" data-id=\"fc5a0b3\" data-element_type=\"widget\" data-widget_type=\"heading.default\">\n\t\t\t\t<div class=\"elementor-widget-container\">\n\t\t\t\t\t<h1 class=\"elementor-heading-title elementor-size-default\">KARRIERE<\/h1>\t\t\t\t<\/div>\n\t\t\t\t<\/div>\n\t\t\t\t<\/div>\n\t\t\t\t\t<\/div>\n\t\t\t\t<\/div>\n\t\t<div class=\"elementor-element elementor-element-4642e7a e-con-full e-flex e-con e-child\" data-id=\"4642e7a\" data-element_type=\"container\">\n\t\t\t\t<div class=\"elementor-element elementor-element-53ae23b elementor-widget elementor-widget-heading\" data-id=\"53ae23b\" data-element_type=\"widget\" data-widget_type=\"heading.default\">\n\t\t\t\t<div class=\"elementor-widget-container\">\n\t\t\t\t\t<h1 class=\"elementor-heading-title elementor-size-default\">INITIATIVBEWERBUNG<\/h1>\t\t\t\t<\/div>\n\t\t\t\t<\/div>\n\t\t\t\t<\/div>\n\t\t\t\t<div class=\"elementor-element elementor-element-5e06596 elementor-widget__width-initial elementor-widget-mobile__width-initial elementor-widget elementor-widget-heading\" data-id=\"5e06596\" data-element_type=\"widget\" data-widget_type=\"heading.default\">\n\t\t\t\t<div class=\"elementor-widget-container\">\n\t\t\t\t\t<h1 class=\"elementor-heading-title elementor-size-default\">Sende jetzt deine Bewerbung an <br>bewerbung@pvi.co.at<\/h1>\t\t\t\t<\/div>\n\t\t\t\t<\/div>\n\t\t\t\t<div class=\"elementor-element elementor-element-cdf565f elementor-widget__width-initial elementor-widget-mobile__width-initial elementor-widget elementor-widget-text-editor\" data-id=\"cdf565f\" data-element_type=\"widget\" data-widget_type=\"text-editor.default\">\n\t\t\t\t<div class=\"elementor-widget-container\">\n\t\t\t\t\t\t\t\t\t<p style=\"text-align: center;\"><b>Jetzt Bewerben!<\/b><\/p><p style=\"text-align: center;\">Wir sind stets daran interessiert, engagierte und qualifizierte Fachkr\u00e4fte kennenzulernen, die mit ihrem Wissen<br \/>und ihrer Erfahrung zu unserem Erfolg beitragen m\u00f6chten. Wir als innovatives und zukunftsorientiertes Unternehmen<br \/>bieten ein vielf\u00e4ltiges T\u00e4tigkeitsfeld, interessante Weiterbildungsm\u00f6glichkeiten und moderne Arbeitsbedingungen an.<\/p>\t\t\t\t\t\t\t\t<\/div>\n\t\t\t\t<\/div>\n\t\t\t\t<\/div>\n\t\t<div class=\"elementor-element elementor-element-99a588a e-con-full e-flex elementor-invisible e-con e-child\" data-id=\"99a588a\" data-element_type=\"container\" data-settings=\"{&quot;animation&quot;:&quot;fadeInUp&quot;,&quot;animation_delay&quot;:200}\">\n\t\t<div class=\"elementor-element elementor-element-7b21a72 e-flex e-con-boxed e-con e-child\" data-id=\"7b21a72\" data-element_type=\"container\">\n\t\t\t\t\t<div class=\"e-con-inner\">\n\t\t\t\t<div class=\"elementor-element elementor-element-5d0951e elementor-widget elementor-widget-heading\" data-id=\"5d0951e\" data-element_type=\"widget\" data-widget_type=\"heading.default\">\n\t\t\t\t<div class=\"elementor-widget-container\">\n\t\t\t\t\t<p class=\"elementor-heading-title elementor-size-default\"><b>Klicken Sie hier f\u00fcr offenen Jobangebote der PVI GmbH:<\/b><\/p>\t\t\t\t<\/div>\n\t\t\t\t<\/div>\n\t\t\t\t<div class=\"elementor-element elementor-element-fd4ab07 elementor-tablet-align-center elementor-align-center elementor-widget elementor-widget-button\" data-id=\"fd4ab07\" data-element_type=\"widget\" data-widget_type=\"button.default\">\n\t\t\t\t<div class=\"elementor-widget-container\">\n\t\t\t\t\t\t\t\t\t<div class=\"elementor-button-wrapper\">\n\t\t\t\t\t<a class=\"elementor-button elementor-button-link elementor-size-sm\" href=\"https:\/\/www.kelag.at\/ueber-kelag\/jobs.htm\">\n\t\t\t\t\t\t<span class=\"elementor-button-content-wrapper\">\n\t\t\t\t\t\t\t\t\t<span class=\"elementor-button-text\">Stellenausschreibungen<\/span>\n\t\t\t\t\t<\/span>\n\t\t\t\t\t<\/a>\n\t\t\t\t<\/div>\n\t\t\t\t\t\t\t\t<\/div>\n\t\t\t\t<\/div>\n\t\t\t\t\t<\/div>\n\t\t\t\t<\/div>\n\t\t\t\t<\/div>\n\t\t<div class=\"elementor-element elementor-element-5056c84 e-flex e-con-boxed e-con e-parent\" data-id=\"5056c84\" data-element_type=\"container\">\n\t\t\t\t\t<div class=\"e-con-inner\">\n\t\t\t\t<div class=\"elementor-element elementor-element-4d3c2c9 elementor-widget elementor-widget-spacer\" data-id=\"4d3c2c9\" data-element_type=\"widget\" data-widget_type=\"spacer.default\">\n\t\t\t\t<div class=\"elementor-widget-container\">\n\t\t\t\t\t\t\t<div class=\"elementor-spacer\">\n\t\t\t<div class=\"elementor-spacer-inner\"><\/div>\n\t\t<\/div>\n\t\t\t\t\t\t<\/div>\n\t\t\t\t<\/div>\n\t\t\t\t\t<\/div>\n\t\t\t\t<\/div>\n\t\t<div class=\"elementor-element elementor-element-ac3f680 e-flex e-con-boxed e-con e-parent\" data-id=\"ac3f680\" data-element_type=\"container\">\n\t\t\t\t\t<div class=\"e-con-inner\">\n\t\t\t\t<div class=\"elementor-element elementor-element-b15e240 elementor-widget elementor-widget-gallery\" data-id=\"b15e240\" data-element_type=\"widget\" data-settings=\"{&quot;gallery_layout&quot;:&quot;justified&quot;,&quot;lazyload&quot;:&quot;yes&quot;,&quot;ideal_row_height&quot;:{&quot;unit&quot;:&quot;px&quot;,&quot;size&quot;:200,&quot;sizes&quot;:[]},&quot;ideal_row_height_tablet&quot;:{&quot;unit&quot;:&quot;px&quot;,&quot;size&quot;:150,&quot;sizes&quot;:[]},&quot;ideal_row_height_mobile&quot;:{&quot;unit&quot;:&quot;px&quot;,&quot;size&quot;:150,&quot;sizes&quot;:[]},&quot;gap&quot;:{&quot;unit&quot;:&quot;px&quot;,&quot;size&quot;:10,&quot;sizes&quot;:[]},&quot;gap_tablet&quot;:{&quot;unit&quot;:&quot;px&quot;,&quot;size&quot;:10,&quot;sizes&quot;:[]},&quot;gap_mobile&quot;:{&quot;unit&quot;:&quot;px&quot;,&quot;size&quot;:10,&quot;sizes&quot;:[]},&quot;link_to&quot;:&quot;file&quot;,&quot;overlay_background&quot;:&quot;yes&quot;,&quot;content_hover_animation&quot;:&quot;fade-in&quot;}\" data-widget_type=\"gallery.default\">\n\t\t\t\t<div class=\"elementor-widget-container\">\n\t\t\t\t\t\t\t<div class=\"elementor-gallery__container\">\n\t\t\t\t\t\t\t<a class=\"e-gallery-item elementor-gallery-item elementor-animated-content\" href=\"https:\/\/pvi.co.at\/wp-content\/uploads\/2025\/10\/vvitollis@gmail.com-96-scaled.jpg\" data-elementor-open-lightbox=\"yes\" data-elementor-lightbox-slideshow=\"b15e240\" data-elementor-lightbox-title=\"vvitollis@gmail.com-96\" data-e-action-hash=\"#elementor-action%3Aaction%3Dlightbox%26settings%3DeyJpZCI6MTQ5NSwidXJsIjoiaHR0cHM6XC9cL3B2aS5jby5hdFwvd3AtY29udGVudFwvdXBsb2Fkc1wvMjAyNVwvMTBcL3Z2aXRvbGxpc0BnbWFpbC5jb20tOTYtc2NhbGVkLmpwZyIsInNsaWRlc2hvdyI6ImIxNWUyNDAifQ%3D%3D\">\n\t\t\t\t\t<div class=\"e-gallery-image elementor-gallery-item__image\" data-thumbnail=\"https:\/\/pvi.co.at\/wp-content\/uploads\/2025\/10\/vvitollis@gmail.com-96-300x200.jpg\" data-width=\"300\" data-height=\"200\" aria-label=\"\" role=\"img\" ><\/div>\n\t\t\t\t\t\t\t\t\t\t\t<div class=\"elementor-gallery-item__overlay\"><\/div>\n\t\t\t\t\t\t\t\t\t\t\t\t\t\t<\/a>\n\t\t\t\t\t\t\t<a class=\"e-gallery-item elementor-gallery-item elementor-animated-content\" href=\"https:\/\/pvi.co.at\/wp-content\/uploads\/2025\/10\/EVITAxPVI-22-scaled.jpg\" data-elementor-open-lightbox=\"yes\" data-elementor-lightbox-slideshow=\"b15e240\" data-elementor-lightbox-title=\"EVITAxPVI-22\" data-e-action-hash=\"#elementor-action%3Aaction%3Dlightbox%26settings%3DeyJpZCI6MTQ5NywidXJsIjoiaHR0cHM6XC9cL3B2aS5jby5hdFwvd3AtY29udGVudFwvdXBsb2Fkc1wvMjAyNVwvMTBcL0VWSVRBeFBWSS0yMi1zY2FsZWQuanBnIiwic2xpZGVzaG93IjoiYjE1ZTI0MCJ9\">\n\t\t\t\t\t<div class=\"e-gallery-image elementor-gallery-item__image\" data-thumbnail=\"https:\/\/pvi.co.at\/wp-content\/uploads\/2025\/10\/EVITAxPVI-22-300x200.jpg\" data-width=\"300\" data-height=\"200\" aria-label=\"\" role=\"img\" ><\/div>\n\t\t\t\t\t\t\t\t\t\t\t<div class=\"elementor-gallery-item__overlay\"><\/div>\n\t\t\t\t\t\t\t\t\t\t\t\t\t\t<\/a>\n\t\t\t\t\t\t\t<a class=\"e-gallery-item elementor-gallery-item elementor-animated-content\" href=\"https:\/\/pvi.co.at\/wp-content\/uploads\/2025\/10\/vvitollis@gmail.com-76-scaled.jpg\" data-elementor-open-lightbox=\"yes\" data-elementor-lightbox-slideshow=\"b15e240\" data-elementor-lightbox-title=\"vvitollis@gmail.com-76\" data-e-action-hash=\"#elementor-action%3Aaction%3Dlightbox%26settings%3DeyJpZCI6MTQ5MiwidXJsIjoiaHR0cHM6XC9cL3B2aS5jby5hdFwvd3AtY29udGVudFwvdXBsb2Fkc1wvMjAyNVwvMTBcL3Z2aXRvbGxpc0BnbWFpbC5jb20tNzYtc2NhbGVkLmpwZyIsInNsaWRlc2hvdyI6ImIxNWUyNDAifQ%3D%3D\">\n\t\t\t\t\t<div class=\"e-gallery-image elementor-gallery-item__image\" data-thumbnail=\"https:\/\/pvi.co.at\/wp-content\/uploads\/2025\/10\/vvitollis@gmail.com-76-200x300.jpg\" data-width=\"200\" data-height=\"300\" aria-label=\"\" role=\"img\" ><\/div>\n\t\t\t\t\t\t\t\t\t\t\t<div class=\"elementor-gallery-item__overlay\"><\/div>\n\t\t\t\t\t\t\t\t\t\t\t\t\t\t<\/a>\n\t\t\t\t\t\t\t<a class=\"e-gallery-item elementor-gallery-item elementor-animated-content\" href=\"https:\/\/pvi.co.at\/wp-content\/uploads\/2025\/10\/vvitollis@gmail.com-91-scaled.jpg\" data-elementor-open-lightbox=\"yes\" data-elementor-lightbox-slideshow=\"b15e240\" data-elementor-lightbox-title=\"vvitollis@gmail.com-91\" data-e-action-hash=\"#elementor-action%3Aaction%3Dlightbox%26settings%3DeyJpZCI6MTQ5NCwidXJsIjoiaHR0cHM6XC9cL3B2aS5jby5hdFwvd3AtY29udGVudFwvdXBsb2Fkc1wvMjAyNVwvMTBcL3Z2aXRvbGxpc0BnbWFpbC5jb20tOTEtc2NhbGVkLmpwZyIsInNsaWRlc2hvdyI6ImIxNWUyNDAifQ%3D%3D\">\n\t\t\t\t\t<div class=\"e-gallery-image elementor-gallery-item__image\" data-thumbnail=\"https:\/\/pvi.co.at\/wp-content\/uploads\/2025\/10\/vvitollis@gmail.com-91-300x200.jpg\" data-width=\"300\" data-height=\"200\" aria-label=\"\" role=\"img\" ><\/div>\n\t\t\t\t\t\t\t\t\t\t\t<div class=\"elementor-gallery-item__overlay\"><\/div>\n\t\t\t\t\t\t\t\t\t\t\t\t\t\t<\/a>\n\t\t\t\t\t\t\t<a class=\"e-gallery-item elementor-gallery-item elementor-animated-content\" href=\"https:\/\/pvi.co.at\/wp-content\/uploads\/2025\/10\/vvitollis@gmail.com-87-scaled.jpg\" data-elementor-open-lightbox=\"yes\" data-elementor-lightbox-slideshow=\"b15e240\" data-elementor-lightbox-title=\"vvitollis@gmail.com-87\" data-e-action-hash=\"#elementor-action%3Aaction%3Dlightbox%26settings%3DeyJpZCI6MTQ5MywidXJsIjoiaHR0cHM6XC9cL3B2aS5jby5hdFwvd3AtY29udGVudFwvdXBsb2Fkc1wvMjAyNVwvMTBcL3Z2aXRvbGxpc0BnbWFpbC5jb20tODctc2NhbGVkLmpwZyIsInNsaWRlc2hvdyI6ImIxNWUyNDAifQ%3D%3D\">\n\t\t\t\t\t<div class=\"e-gallery-image elementor-gallery-item__image\" data-thumbnail=\"https:\/\/pvi.co.at\/wp-content\/uploads\/2025\/10\/vvitollis@gmail.com-87-300x294.jpg\" data-width=\"300\" data-height=\"294\" aria-label=\"\" role=\"img\" ><\/div>\n\t\t\t\t\t\t\t\t\t\t\t<div class=\"elementor-gallery-item__overlay\"><\/div>\n\t\t\t\t\t\t\t\t\t\t\t\t\t\t<\/a>\n\t\t\t\t\t\t\t<a class=\"e-gallery-item elementor-gallery-item elementor-animated-content\" href=\"https:\/\/pvi.co.at\/wp-content\/uploads\/2025\/10\/vvitollis@gmail.com-100-scaled.jpg\" data-elementor-open-lightbox=\"yes\" data-elementor-lightbox-slideshow=\"b15e240\" data-elementor-lightbox-title=\"vvitollis@gmail.com-100\" data-e-action-hash=\"#elementor-action%3Aaction%3Dlightbox%26settings%3DeyJpZCI6MTIxMSwidXJsIjoiaHR0cHM6XC9cL3B2aS5jby5hdFwvd3AtY29udGVudFwvdXBsb2Fkc1wvMjAyNVwvMTBcL3Z2aXRvbGxpc0BnbWFpbC5jb20tMTAwLXNjYWxlZC5qcGciLCJzbGlkZXNob3ciOiJiMTVlMjQwIn0%3D\">\n\t\t\t\t\t<div class=\"e-gallery-image elementor-gallery-item__image\" data-thumbnail=\"https:\/\/pvi.co.at\/wp-content\/uploads\/2025\/10\/vvitollis@gmail.com-100-300x200.jpg\" data-width=\"300\" data-height=\"200\" aria-label=\"\" role=\"img\" ><\/div>\n\t\t\t\t\t\t\t\t\t\t\t<div class=\"elementor-gallery-item__overlay\"><\/div>\n\t\t\t\t\t\t\t\t\t\t\t\t\t\t<\/a>\n\t\t\t\t\t\t\t<a class=\"e-gallery-item elementor-gallery-item elementor-animated-content\" href=\"https:\/\/pvi.co.at\/wp-content\/uploads\/2025\/10\/EVITAxPVI-42-scaled.jpg\" data-elementor-open-lightbox=\"yes\" data-elementor-lightbox-slideshow=\"b15e240\" data-elementor-lightbox-title=\"EVITAxPVI-42\" data-e-action-hash=\"#elementor-action%3Aaction%3Dlightbox%26settings%3DeyJpZCI6MTQ5NiwidXJsIjoiaHR0cHM6XC9cL3B2aS5jby5hdFwvd3AtY29udGVudFwvdXBsb2Fkc1wvMjAyNVwvMTBcL0VWSVRBeFBWSS00Mi1zY2FsZWQuanBnIiwic2xpZGVzaG93IjoiYjE1ZTI0MCJ9\">\n\t\t\t\t\t<div class=\"e-gallery-image elementor-gallery-item__image\" data-thumbnail=\"https:\/\/pvi.co.at\/wp-content\/uploads\/2025\/10\/EVITAxPVI-42-300x200.jpg\" data-width=\"300\" data-height=\"200\" aria-label=\"\" role=\"img\" ><\/div>\n\t\t\t\t\t\t\t\t\t\t\t<div class=\"elementor-gallery-item__overlay\"><\/div>\n\t\t\t\t\t\t\t\t\t\t\t\t\t\t<\/a>\n\t\t\t\t\t\t\t<a class=\"e-gallery-item elementor-gallery-item elementor-animated-content\" href=\"https:\/\/pvi.co.at\/wp-content\/uploads\/2025\/10\/vvitollis@gmail.com-71-scaled.jpg\" data-elementor-open-lightbox=\"yes\" data-elementor-lightbox-slideshow=\"b15e240\" data-elementor-lightbox-title=\"vvitollis@gmail.com-71\" data-e-action-hash=\"#elementor-action%3Aaction%3Dlightbox%26settings%3DeyJpZCI6MTQ5MCwidXJsIjoiaHR0cHM6XC9cL3B2aS5jby5hdFwvd3AtY29udGVudFwvdXBsb2Fkc1wvMjAyNVwvMTBcL3Z2aXRvbGxpc0BnbWFpbC5jb20tNzEtc2NhbGVkLmpwZyIsInNsaWRlc2hvdyI6ImIxNWUyNDAifQ%3D%3D\">\n\t\t\t\t\t<div class=\"e-gallery-image elementor-gallery-item__image\" data-thumbnail=\"https:\/\/pvi.co.at\/wp-content\/uploads\/2025\/10\/vvitollis@gmail.com-71-300x200.jpg\" data-width=\"300\" data-height=\"200\" aria-label=\"\" role=\"img\" ><\/div>\n\t\t\t\t\t\t\t\t\t\t\t<div class=\"elementor-gallery-item__overlay\"><\/div>\n\t\t\t\t\t\t\t\t\t\t\t\t\t\t<\/a>\n\t\t\t\t\t\t\t<a class=\"e-gallery-item elementor-gallery-item elementor-animated-content\" href=\"https:\/\/pvi.co.at\/wp-content\/uploads\/2025\/10\/vvitollis@gmail.com-86-scaled.jpg\" data-elementor-open-lightbox=\"yes\" data-elementor-lightbox-slideshow=\"b15e240\" data-elementor-lightbox-title=\"vvitollis@gmail.com-86\" data-e-action-hash=\"#elementor-action%3Aaction%3Dlightbox%26settings%3DeyJpZCI6MTQ5OCwidXJsIjoiaHR0cHM6XC9cL3B2aS5jby5hdFwvd3AtY29udGVudFwvdXBsb2Fkc1wvMjAyNVwvMTBcL3Z2aXRvbGxpc0BnbWFpbC5jb20tODYtc2NhbGVkLmpwZyIsInNsaWRlc2hvdyI6ImIxNWUyNDAifQ%3D%3D\">\n\t\t\t\t\t<div class=\"e-gallery-image elementor-gallery-item__image\" data-thumbnail=\"https:\/\/pvi.co.at\/wp-content\/uploads\/2025\/10\/vvitollis@gmail.com-86-287x300.jpg\" data-width=\"287\" data-height=\"300\" aria-label=\"\" role=\"img\" ><\/div>\n\t\t\t\t\t\t\t\t\t\t\t<div class=\"elementor-gallery-item__overlay\"><\/div>\n\t\t\t\t\t\t\t\t\t\t\t\t\t\t<\/a>\n\t\t\t\t\t<\/div>\n\t\t\t\t\t<\/div>\n\t\t\t\t<\/div>\n\t\t\t\t\t<\/div>\n\t\t\t\t<\/div>\n\t\t\t\t<\/div>\n\t\t","protected":false},"excerpt":{"rendered":"<p>INITIATIVBEWERBUNG Sende jetzt deine Bewerbung an bewerbung@pvi.co.at Jetzt Bewerben! Wir sind stets daran interessiert, engagierte und qualifizierte Fachkr\u00e4fte kennenzulernen, die mit ihrem Wissenund ihrer Erfahrung zu unserem Erfolg beitragen m\u00f6chten. Wir als innovatives und zukunftsorientiertes Unternehmenbieten ein vielf\u00e4ltiges T\u00e4tigkeitsfeld, interessante Weiterbildungsm\u00f6glichkeiten und moderne Arbeitsbedingungen an. Klicken Sie hier f\u00fcr offenen Jobangebote der PVI GmbH: Stellenausschreibungen<\/p>\n","protected":false},"author":1,"featured_media":0,"parent":0,"menu_order":0,"comment_status":"closed","ping_status":"closed","template":"","meta":{"footnotes":""},"class_list":["post-811","page","type-page","status-publish","hentry"],"_links":{"self":[{"href":"https:\/\/pvi.co.at\/index.php\/wp-json\/wp\/v2\/pages\/811","targetHints":{"allow":["GET"]}}],"collection":[{"href":"https:\/\/pvi.co.at\/index.php\/wp-json\/wp\/v2\/pages"}],"about":[{"href":"https:\/\/pvi.co.at\/index.php\/wp-json\/wp\/v2\/types\/page"}],"author":[{"embeddable":true,"href":"https:\/\/pvi.co.at\/index.php\/wp-json\/wp\/v2\/users\/1"}],"replies":[{"embeddable":true,"href":"https:\/\/pvi.co.at\/index.php\/wp-json\/wp\/v2\/comments?post=811"}],"version-history":[{"count":73,"href":"https:\/\/pvi.co.at\/index.php\/wp-json\/wp\/v2\/pages\/811\/revisions"}],"predecessor-version":[{"id":1999,"href":"https:\/\/pvi.co.at\/index.php\/wp-json\/wp\/v2\/pages\/811\/revisions\/1999"}],"wp:attachment":[{"href":"https:\/\/pvi.co.at\/index.php\/wp-json\/wp\/v2\/media?parent=811"}],"curies":[{"name":"wp","href":"https:\/\/api.w.org\/{rel}","templated":true}]}}